{"id":63,"date":"2015-05-26T13:09:58","date_gmt":"2015-05-26T13:09:58","guid":{"rendered":"https:\/\/bde.sua.mybluehost.me\/mikrodoviz\/?page_id=63"},"modified":"2015-06-13T10:34:57","modified_gmt":"2015-06-13T10:34:57","slug":"iletisim","status":"publish","type":"page","link":"https:\/\/www.mikrodoviz.com\/?page_id=63","title":{"rendered":"\u0130leti\u015fim"},"content":{"rendered":"<p>Adres : Fahri Korut\u00fcrk ( \u0130stasyon ) Caddesi No: 10\/2 Bak\u0131rk\u00f6y \/ \u0130stanbul<br \/>\nTel : +90 212 570 62 87 <strong>(PBX)<\/strong><br \/>\nFax: +90 212 543 71 58<br \/>\ne-mail: <a href=\"mailto:mikrodoviz@superonline.com\">mikrodoviz@superonline.com<\/a><\/p>\n<p><img decoding=\"async\" src=\"https:\/\/mikrodoviz.com\/wp-content\/uploads\/2015\/05\/m31.jpg\" alt=\"\" \/><\/p>\n","protected":false},"excerpt":{"rendered":"<p>Adres : Fahri Korut\u00fcrk ( \u0130stasyon ) Caddesi No: 10\/2 Bak\u0131rk\u00f6y \/ \u0130stanbul Tel : +90 212 570 62 87 (PBX) Fax: +90 212 543 71 58 e-mail: mikrodoviz@superonline.com<\/p>\n","protected":false},"author":15,"featured_media":0,"parent":0,"menu_order":5,"comment_status":"closed","ping_status":"closed","template":"","meta":{"footnotes":""},"class_list":["post-63","page","type-page","status-publish","hentry"],"_links":{"self":[{"href":"https:\/\/www.mikrodoviz.com\/index.php?rest_route=\/wp\/v2\/pages\/63","targetHints":{"allow":["GET"]}}],"collection":[{"href":"https:\/\/www.mikrodoviz.com\/index.php?rest_route=\/wp\/v2\/pages"}],"about":[{"href":"https:\/\/www.mikrodoviz.com\/index.php?rest_route=\/wp\/v2\/types\/page"}],"author":[{"embeddable":true,"href":"https:\/\/www.mikrodoviz.com\/index.php?rest_route=\/wp\/v2\/users\/15"}],"replies":[{"embeddable":true,"href":"https:\/\/www.mikrodoviz.com\/index.php?rest_route=%2Fwp%2Fv2%2Fcomments&post=63"}],"version-history":[{"count":5,"href":"https:\/\/www.mikrodoviz.com\/index.php?rest_route=\/wp\/v2\/pages\/63\/revisions"}],"predecessor-version":[{"id":111,"href":"https:\/\/www.mikrodoviz.com\/index.php?rest_route=\/wp\/v2\/pages\/63\/revisions\/111"}],"wp:attachment":[{"href":"https:\/\/www.mikrodoviz.com\/index.php?rest_route=%2Fwp%2Fv2%2Fmedia&parent=63"}],"curies":[{"name":"wp","href":"https:\/\/api.w.org\/{rel}","templated":true}]}}