{"id":19,"date":"2015-05-25T21:21:44","date_gmt":"2015-05-25T21:21:44","guid":{"rendered":"https:\/\/bde.sua.mybluehost.me\/mikrodoviz\/?page_id=19"},"modified":"2015-06-13T10:56:16","modified_gmt":"2015-06-13T10:56:16","slug":"serbest-kurlar","status":"publish","type":"page","link":"https:\/\/www.mikrodoviz.com\/?page_id=19","title":{"rendered":"Serbest Kurlar"},"content":{"rendered":"<p>\n<table id=\"tablepress-1\" class=\"tablepress tablepress-id-1\">\n<thead>\n<tr class=\"row-1\">\n\t<th class=\"column-1\">D\u00d6V\u0130Z<\/th><th class=\"column-2\">ALI\u015e<\/th><th class=\"column-3\">SATI\u015e<\/th>\n<\/tr>\n<\/thead>\n<tbody class=\"row-striping row-hover\">\n<tr class=\"row-2\">\n\t<td class=\"column-1\">USD<\/td><td class=\"column-2\">0<\/td><td class=\"column-3\">0<\/td>\n<\/tr>\n<tr class=\"row-3\">\n\t<td class=\"column-1\">EUR<\/td><td class=\"column-2\">0<\/td><td class=\"column-3\">0<\/td>\n<\/tr>\n<tr class=\"row-4\">\n\t<td class=\"column-1\">CHF<\/td><td class=\"column-2\">0<\/td><td class=\"column-3\">0<\/td>\n<\/tr>\n<tr class=\"row-5\">\n\t<td class=\"column-1\">GBP<\/td><td class=\"column-2\">0<\/td><td class=\"column-3\">0<\/td>\n<\/tr>\n<tr class=\"row-6\">\n\t<td class=\"column-1\">SEK<\/td><td class=\"column-2\">0<\/td><td class=\"column-3\">0<\/td>\n<\/tr>\n<tr class=\"row-7\">\n\t<td class=\"column-1\">SAR<\/td><td class=\"column-2\">0<\/td><td class=\"column-3\">0<\/td>\n<\/tr>\n<tr class=\"row-8\">\n\t<td class=\"column-1\">DKK<\/td><td class=\"column-2\">0<\/td><td class=\"column-3\">0<\/td>\n<\/tr>\n<tr class=\"row-9\">\n\t<td class=\"column-1\">NOK<\/td><td class=\"column-2\">0<\/td><td class=\"column-3\">0<\/td>\n<\/tr>\n<tr class=\"row-10\">\n\t<td class=\"column-1\">JPY<\/td><td class=\"column-2\">0<\/td><td class=\"column-3\">0<\/td>\n<\/tr>\n<tr class=\"row-11\">\n\t<td class=\"column-1\">AUD<\/td><td class=\"column-2\">0<\/td><td class=\"column-3\">0<\/td>\n<\/tr>\n<tr class=\"row-12\">\n\t<td class=\"column-1\">CAD<\/td><td class=\"column-2\">0<\/td><td class=\"column-3\">0<\/td>\n<\/tr>\n<\/tbody>\n<\/table>\n<!-- #tablepress-1 from cache --> <strong>NOT:<\/strong> D\u00f6viz fiyatlar\u0131 anl\u0131k de\u011fi\u015fti\u011finden, en g\u00fcncel fiyatlar i\u00e7in, L\u00fctfen telefon ile temasa ge\u00e7iniz. <br \/><\/br><br \/>\n\n<table id=\"tablepress-2\" class=\"tablepress tablepress-id-2\">\n<thead>\n<tr class=\"row-1\">\n\t<th class=\"column-1\">ALTIN<\/th><th class=\"column-2\">AL<\/th><th class=\"column-3\">SAT<\/th>\n<\/tr>\n<\/thead>\n<tbody class=\"row-striping row-hover\">\n<tr class=\"row-2\">\n\t<td class=\"column-1\">\u00c7eyrek<\/td><td class=\"column-2\">0<\/td><td class=\"column-3\">0<\/td>\n<\/tr>\n<tr class=\"row-3\">\n\t<td class=\"column-1\">Yar\u0131m<\/td><td class=\"column-2\">0<\/td><td class=\"column-3\">0<\/td>\n<\/tr>\n<tr class=\"row-4\">\n\t<td class=\"column-1\">Ziynet Tam<\/td><td class=\"column-2\">0<\/td><td class=\"column-3\">0<\/td>\n<\/tr>\n<tr class=\"row-5\">\n\t<td class=\"column-1\">Ata<\/td><td class=\"column-2\">0<\/td><td class=\"column-3\">0<\/td>\n<\/tr>\n<tr class=\"row-6\">\n\t<td class=\"column-1\">24 Ayar Gr. Alt\u0131n<\/td><td class=\"column-2\">0<\/td><td class=\"column-3\">0<\/td>\n<\/tr>\n<\/tbody>\n<\/table>\n<!-- #tablepress-2 from cache --><strong>NOT:<\/strong> Alt\u0131n fiyatlar\u0131 anl\u0131k de\u011fi\u015fti\u011finden, en g\u00fcncel fiyatlar i\u00e7in, L\u00fctfen telefon ile temasa ge\u00e7iniz.<br \/>\n<br \/><\/br><br \/>\n<strong>\u0130LET\u0130\u015e\u0130M:<\/strong><br \/>\nAdres : Fahri Korut\u00fcrk ( \u0130stasyon ) Caddesi No: 10\/2 Bak\u0131rk\u00f6y \/ \u0130stanbul<br \/>\nTel : +90 212 570 62 87 <strong>(PBX)<\/strong><br \/>\nFax: +90 212 543 71 58<br \/>\ne-mail: <a href=\"mailto:mikrodoviz@superonline.com\">mikrodoviz@superonline.com<\/a><\/p>\n","protected":false},"excerpt":{"rendered":"<p>NOT: D\u00f6viz fiyatlar\u0131 anl\u0131k de\u011fi\u015fti\u011finden, en g\u00fcncel fiyatlar i\u00e7in, L\u00fctfen telefon ile temasa ge\u00e7iniz. NOT: Alt\u0131n fiyatlar\u0131 anl\u0131k de\u011fi\u015fti\u011finden, en g\u00fcncel fiyatlar i\u00e7in, L\u00fctfen telefon ile temasa ge\u00e7iniz. \u0130LET\u0130\u015e\u0130M: Adres : Fahri Korut\u00fcrk ( \u0130stasyon ) Caddesi No: 10\/2 Bak\u0131rk\u00f6y \/ \u0130stanbul Tel : +90 212 570 62 87 (PBX) Fax: +90 212 543 71 [&hellip;]<\/p>\n","protected":false},"author":15,"featured_media":0,"parent":0,"menu_order":1,"comment_status":"closed","ping_status":"closed","template":"","meta":{"footnotes":""},"class_list":["post-19","page","type-page","status-publish","hentry"],"_links":{"self":[{"href":"https:\/\/www.mikrodoviz.com\/index.php?rest_route=\/wp\/v2\/pages\/19","targetHints":{"allow":["GET"]}}],"collection":[{"href":"https:\/\/www.mikrodoviz.com\/index.php?rest_route=\/wp\/v2\/pages"}],"about":[{"href":"https:\/\/www.mikrodoviz.com\/index.php?rest_route=\/wp\/v2\/types\/page"}],"author":[{"embeddable":true,"href":"https:\/\/www.mikrodoviz.com\/index.php?rest_route=\/wp\/v2\/users\/15"}],"replies":[{"embeddable":true,"href":"https:\/\/www.mikrodoviz.com\/index.php?rest_route=%2Fwp%2Fv2%2Fcomments&post=19"}],"version-history":[{"count":24,"href":"https:\/\/www.mikrodoviz.com\/index.php?rest_route=\/wp\/v2\/pages\/19\/revisions"}],"predecessor-version":[{"id":121,"href":"https:\/\/www.mikrodoviz.com\/index.php?rest_route=\/wp\/v2\/pages\/19\/revisions\/121"}],"wp:attachment":[{"href":"https:\/\/www.mikrodoviz.com\/index.php?rest_route=%2Fwp%2Fv2%2Fmedia&parent=19"}],"curies":[{"name":"wp","href":"https:\/\/api.w.org\/{rel}","templated":true}]}}