{"id":15,"date":"2015-05-25T20:57:04","date_gmt":"2015-05-25T20:57:04","guid":{"rendered":"https:\/\/bde.sua.mybluehost.me\/mikrodoviz\/?page_id=15"},"modified":"2024-06-12T15:39:30","modified_gmt":"2024-06-12T15:39:30","slug":"hakkimizda-2","status":"publish","type":"page","link":"https:\/\/www.mikrodoviz.com\/","title":{"rendered":"Hakk\u0131m\u0131zda"},"content":{"rendered":"<p><img decoding=\"async\" src=\"https:\/\/mikrodoviz.com\/wp-content\/uploads\/2015\/05\/m11.jpg\" alt=\"\" \/><\/p>\n<p><span style=\"font-weight: 400;\">Mikro D\u00f6viz  S\u0131n\u0131rl\u0131 Yetkili M\u00fcessese A.\u015e. olarak 1994 y\u0131ll\u0131ndan beri Bak\u0131rk\u00f6y \u0130stanbul da hizmet vermekteyiz. M\u00fc\u015fteri memnuniyeti ve kaliteli hizmet \u015firketimiz i\u00e7in daima bir kural olmu\u015ftur. Profesyonel kadromuz ile hem kurumsal hem de bireysel yerli yabanc\u0131 t\u00fcm m\u00fc\u015fterilerimize T.C. \u00a0Merkez Bankas\u0131nda i\u015flem g\u00f6ren t\u00fcm para birimlerini piyasadaki anl\u0131k en iyi fiyatla talep ettikleri miktarda temin etmekteyiz.<\/span><\/p>\n<p><span style=\"font-weight: 400;\">Alt\u0131n piyasas\u0131nda i\u015flem g\u00f6ren bas\u0131l\u0131 ve k\u00fcl\u00e7e alt\u0131n isteyen m\u00fc\u015fterilerimize talep ettikleri miktarda alt\u0131n al\u0131m sat\u0131m\u0131 temin edebilmekteyiz. \u00a0Yat\u0131r\u0131m ve hediye i\u00e7in m\u00fc\u015fterilerimize \u00e7e\u015fitli gramlarda \u00f6zel sertifikal\u0131 alt\u0131n ile Ata Alt\u0131n ve Ziynet Alt\u0131n \u00e7e\u015fitleri talep edilen adette anl\u0131k en iyi fiyatlar ile al\u0131m sat\u0131m\u0131n\u0131 sa\u011flamaktay\u0131z.<\/span><\/p>\n<p><span style=\"font-weight: 400;\">Faaliyet alan\u0131nda bir \u00e7ok konuda \u00f6nc\u00fc olan m\u00fc\u015fteri odakl\u0131 firmam\u0131z kurumsal, bireysel yerli ve yabanc\u0131 m\u00fc\u015fteri portf\u00f6y\u00fc ile Bak\u0131rk\u00f6y merkezimizde m\u00fc\u015fterilerimize hizmet verilmektedir.<\/span><\/p>\n<p><strong>\u0130LET\u0130\u015e\u0130M:<\/strong><br \/>\nAdres : Fahri Korut\u00fcrk ( \u0130stasyon ) Caddesi No: 10\/2 Bak\u0131rk\u00f6y \/ \u0130stanbul<br \/>\nTel : +90 212 570 62 87 <strong>(PBX)<\/strong><br \/>\nFax: +90 212 543 71 58<br \/>\ne-mail: <a href=\"mailto:mikrodoviz@superonline.com\">mikrodoviz@superonline.com<\/a><\/p>\n<p><img decoding=\"async\" src=\"https:\/\/mikrodoviz.com\/wp-content\/uploads\/2015\/05\/m21.jpg\" alt=\"\" \/><\/p>\n","protected":false},"excerpt":{"rendered":"<p>Mikro D\u00f6viz S\u0131n\u0131rl\u0131 Yetkili M\u00fcessese A.\u015e. olarak 1994 y\u0131ll\u0131ndan beri Bak\u0131rk\u00f6y \u0130stanbul da hizmet vermekteyiz. M\u00fc\u015fteri memnuniyeti ve kaliteli hizmet \u015firketimiz i\u00e7in daima bir kural olmu\u015ftur. Profesyonel kadromuz ile hem kurumsal hem de bireysel yerli yabanc\u0131 t\u00fcm m\u00fc\u015fterilerimize T.C. \u00a0Merkez Bankas\u0131nda i\u015flem g\u00f6ren t\u00fcm para birimlerini piyasadaki anl\u0131k en iyi fiyatla talep ettikleri miktarda temin [&hellip;]<\/p>\n","protected":false},"author":15,"featured_media":0,"parent":0,"menu_order":3,"comment_status":"closed","ping_status":"closed","template":"","meta":{"footnotes":""},"class_list":["post-15","page","type-page","status-publish","hentry"],"_links":{"self":[{"href":"https:\/\/www.mikrodoviz.com\/index.php?rest_route=\/wp\/v2\/pages\/15","targetHints":{"allow":["GET"]}}],"collection":[{"href":"https:\/\/www.mikrodoviz.com\/index.php?rest_route=\/wp\/v2\/pages"}],"about":[{"href":"https:\/\/www.mikrodoviz.com\/index.php?rest_route=\/wp\/v2\/types\/page"}],"author":[{"embeddable":true,"href":"https:\/\/www.mikrodoviz.com\/index.php?rest_route=\/wp\/v2\/users\/15"}],"replies":[{"embeddable":true,"href":"https:\/\/www.mikrodoviz.com\/index.php?rest_route=%2Fwp%2Fv2%2Fcomments&post=15"}],"version-history":[{"count":5,"href":"https:\/\/www.mikrodoviz.com\/index.php?rest_route=\/wp\/v2\/pages\/15\/revisions"}],"predecessor-version":[{"id":518,"href":"https:\/\/www.mikrodoviz.com\/index.php?rest_route=\/wp\/v2\/pages\/15\/revisions\/518"}],"wp:attachment":[{"href":"https:\/\/www.mikrodoviz.com\/index.php?rest_route=%2Fwp%2Fv2%2Fmedia&parent=15"}],"curies":[{"name":"wp","href":"https:\/\/api.w.org\/{rel}","templated":true}]}}